{"id":846,"date":"2025-10-04T14:43:29","date_gmt":"2025-10-04T14:43:29","guid":{"rendered":"https:\/\/gracethemesdemo.com\/brandzen\/?page_id=71"},"modified":"2026-01-17T12:40:26","modified_gmt":"2026-01-17T09:40:26","slug":"home","status":"publish","type":"page","link":"https:\/\/keban.bel.tr\/","title":{"rendered":"Anasayfa"},"content":{"rendered":"<figure>\n\t\t\t\t\t\t\t\t\t\t\t<a href=\"index.php\/otobus-saatleri\/\"><br \/>\n\t\t\t\t\t\t\t<img loading=\"lazy\" decoding=\"async\" width=\"1080\" height=\"1080\" src=\"https:\/\/keban.bel.tr\/wp-content\/uploads\/2026\/01\/otobus.png\" alt=\"\" srcset=\"https:\/\/keban.bel.tr\/wp-content\/uploads\/2026\/01\/otobus.png 1080w, https:\/\/keban.bel.tr\/wp-content\/uploads\/2026\/01\/otobus-300x300.png 300w, https:\/\/keban.bel.tr\/wp-content\/uploads\/2026\/01\/otobus-1024x1024.png 1024w, https:\/\/keban.bel.tr\/wp-content\/uploads\/2026\/01\/otobus-150x150.png 150w, https:\/\/keban.bel.tr\/wp-content\/uploads\/2026\/01\/otobus-768x768.png 768w, https:\/\/keban.bel.tr\/wp-content\/uploads\/2026\/01\/otobus-355x355.png 355w, https:\/\/keban.bel.tr\/wp-content\/uploads\/2026\/01\/otobus-370x370.png 370w, https:\/\/keban.bel.tr\/wp-content\/uploads\/2026\/01\/otobus-170x170.png 170w\" sizes=\"auto, (max-width: 1080px) 100vw, 1080px\" \/>\t\t\t\t\t\t\t\t<\/a><figcaption>Sefer Saatleri<\/figcaption><\/figure>\n<figure>\n\t\t\t\t\t\t\t\t\t\t<img loading=\"lazy\" decoding=\"async\" width=\"1024\" height=\"1024\" src=\"https:\/\/keban.bel.tr\/wp-content\/uploads\/2026\/01\/video.png\" alt=\"\" srcset=\"https:\/\/keban.bel.tr\/wp-content\/uploads\/2026\/01\/video.png 1024w, https:\/\/keban.bel.tr\/wp-content\/uploads\/2026\/01\/video-300x300.png 300w, https:\/\/keban.bel.tr\/wp-content\/uploads\/2026\/01\/video-150x150.png 150w, https:\/\/keban.bel.tr\/wp-content\/uploads\/2026\/01\/video-768x768.png 768w\" sizes=\"auto, (max-width: 1024px) 100vw, 1024px\" \/><figcaption>Video Galeri<\/figcaption><\/figure>\n<figure>\n\t\t\t\t\t\t\t\t\t\t<img loading=\"lazy\" decoding=\"async\" width=\"1024\" height=\"1024\" src=\"https:\/\/keban.bel.tr\/wp-content\/uploads\/2026\/01\/kamera.png\" alt=\"\" srcset=\"https:\/\/keban.bel.tr\/wp-content\/uploads\/2026\/01\/kamera.png 1024w, https:\/\/keban.bel.tr\/wp-content\/uploads\/2026\/01\/kamera-300x300.png 300w, https:\/\/keban.bel.tr\/wp-content\/uploads\/2026\/01\/kamera-150x150.png 150w, https:\/\/keban.bel.tr\/wp-content\/uploads\/2026\/01\/kamera-768x768.png 768w\" sizes=\"auto, (max-width: 1024px) 100vw, 1024px\" \/><figcaption>Foto Galeri<\/figcaption><\/figure>\n<figure>\n\t\t\t\t\t\t\t\t\t\t<img loading=\"lazy\" decoding=\"async\" width=\"1024\" height=\"1024\" src=\"https:\/\/keban.bel.tr\/wp-content\/uploads\/2026\/01\/duyuru.png\" alt=\"\" srcset=\"https:\/\/keban.bel.tr\/wp-content\/uploads\/2026\/01\/duyuru.png 1024w, https:\/\/keban.bel.tr\/wp-content\/uploads\/2026\/01\/duyuru-300x300.png 300w, https:\/\/keban.bel.tr\/wp-content\/uploads\/2026\/01\/duyuru-150x150.png 150w, https:\/\/keban.bel.tr\/wp-content\/uploads\/2026\/01\/duyuru-768x768.png 768w\" sizes=\"auto, (max-width: 1024px) 100vw, 1024px\" \/><figcaption>Duyurular<\/figcaption><\/figure>\n<figure>\n\t\t\t\t\t\t\t\t\t\t<img loading=\"lazy\" decoding=\"async\" width=\"1024\" height=\"1024\" src=\"https:\/\/keban.bel.tr\/wp-content\/uploads\/2026\/01\/baraj.png\" alt=\"\" srcset=\"https:\/\/keban.bel.tr\/wp-content\/uploads\/2026\/01\/baraj.png 1024w, https:\/\/keban.bel.tr\/wp-content\/uploads\/2026\/01\/baraj-300x300.png 300w, https:\/\/keban.bel.tr\/wp-content\/uploads\/2026\/01\/baraj-150x150.png 150w, https:\/\/keban.bel.tr\/wp-content\/uploads\/2026\/01\/baraj-768x768.png 768w\" sizes=\"auto, (max-width: 1024px) 100vw, 1024px\" \/><figcaption>Keban Baraj\u0131<\/figcaption><\/figure>\n<figure>\n\t\t\t\t\t\t\t\t\t\t<img loading=\"lazy\" decoding=\"async\" width=\"1024\" height=\"1024\" src=\"https:\/\/keban.bel.tr\/wp-content\/uploads\/2026\/01\/onay-1.png\" alt=\"\" srcset=\"https:\/\/keban.bel.tr\/wp-content\/uploads\/2026\/01\/onay-1.png 1024w, https:\/\/keban.bel.tr\/wp-content\/uploads\/2026\/01\/onay-1-300x300.png 300w, https:\/\/keban.bel.tr\/wp-content\/uploads\/2026\/01\/onay-1-150x150.png 150w, https:\/\/keban.bel.tr\/wp-content\/uploads\/2026\/01\/onay-1-768x768.png 768w\" sizes=\"auto, (max-width: 1024px) 100vw, 1024px\" \/><figcaption>E-Belediye<\/figcaption><\/figure>\n<figure>\n\t\t\t\t\t\t\t\t\t\t<img loading=\"lazy\" decoding=\"async\" width=\"1024\" height=\"1024\" src=\"https:\/\/keban.bel.tr\/wp-content\/uploads\/2026\/01\/konum.png\" alt=\"\" srcset=\"https:\/\/keban.bel.tr\/wp-content\/uploads\/2026\/01\/konum.png 1024w, https:\/\/keban.bel.tr\/wp-content\/uploads\/2026\/01\/konum-300x300.png 300w, https:\/\/keban.bel.tr\/wp-content\/uploads\/2026\/01\/konum-150x150.png 150w, https:\/\/keban.bel.tr\/wp-content\/uploads\/2026\/01\/konum-768x768.png 768w\" sizes=\"auto, (max-width: 1024px) 100vw, 1024px\" \/><figcaption>Rotalar<\/figcaption><\/figure>\n<figure>\n\t\t\t\t\t\t\t\t\t\t<img loading=\"lazy\" decoding=\"async\" width=\"1024\" height=\"1024\" src=\"https:\/\/keban.bel.tr\/wp-content\/uploads\/2026\/01\/defin.png\" alt=\"\" srcset=\"https:\/\/keban.bel.tr\/wp-content\/uploads\/2026\/01\/defin.png 1024w, https:\/\/keban.bel.tr\/wp-content\/uploads\/2026\/01\/defin-300x300.png 300w, https:\/\/keban.bel.tr\/wp-content\/uploads\/2026\/01\/defin-150x150.png 150w, https:\/\/keban.bel.tr\/wp-content\/uploads\/2026\/01\/defin-768x768.png 768w\" sizes=\"auto, (max-width: 1024px) 100vw, 1024px\" \/><figcaption>Vefat ve Defin<\/figcaption><\/figure>\n<figure>\n\t\t\t\t\t\t\t\t\t\t<img loading=\"lazy\" decoding=\"async\" width=\"1024\" height=\"1024\" src=\"https:\/\/keban.bel.tr\/wp-content\/uploads\/2026\/01\/tl.png\" alt=\"\" srcset=\"https:\/\/keban.bel.tr\/wp-content\/uploads\/2026\/01\/tl.png 1024w, https:\/\/keban.bel.tr\/wp-content\/uploads\/2026\/01\/tl-300x300.png 300w, https:\/\/keban.bel.tr\/wp-content\/uploads\/2026\/01\/tl-150x150.png 150w, https:\/\/keban.bel.tr\/wp-content\/uploads\/2026\/01\/tl-768x768.png 768w\" sizes=\"auto, (max-width: 1024px) 100vw, 1024px\" \/><figcaption>Tarifeler<\/figcaption><\/figure>\n<figure>\n\t\t\t\t\t\t\t\t\t\t<img loading=\"lazy\" decoding=\"async\" width=\"1024\" height=\"1024\" src=\"https:\/\/keban.bel.tr\/wp-content\/uploads\/2026\/01\/muhtar.png\" alt=\"\" srcset=\"https:\/\/keban.bel.tr\/wp-content\/uploads\/2026\/01\/muhtar.png 1024w, https:\/\/keban.bel.tr\/wp-content\/uploads\/2026\/01\/muhtar-300x300.png 300w, https:\/\/keban.bel.tr\/wp-content\/uploads\/2026\/01\/muhtar-150x150.png 150w, https:\/\/keban.bel.tr\/wp-content\/uploads\/2026\/01\/muhtar-768x768.png 768w\" sizes=\"auto, (max-width: 1024px) 100vw, 1024px\" \/><figcaption>Muhtarl\u0131klar<\/figcaption><\/figure>\n<figure>\n                            <a href=\"https:\/\/keban.bel.tr\/index.php\/2025\/08\/28\/belediyemize-yeni-traktor\/\" title=\"Belediyemize Yeni Trakt\u00f6r \"><br \/>\n                                <img loading=\"lazy\" width=\"600\" height=\"400\" src=\"https:\/\/keban.bel.tr\/wp-content\/uploads\/2026\/01\/traktor3.jpg\" alt=\"\" decoding=\"async\" srcset=\"https:\/\/keban.bel.tr\/wp-content\/uploads\/2026\/01\/traktor3.jpg 600w, https:\/\/keban.bel.tr\/wp-content\/uploads\/2026\/01\/traktor3-300x200.jpg 300w, https:\/\/keban.bel.tr\/wp-content\/uploads\/2026\/01\/traktor3-370x247.jpg 370w, https:\/\/keban.bel.tr\/wp-content\/uploads\/2026\/01\/traktor3-270x180.jpg 270w\" sizes=\"auto, (max-width: 600px) 100vw, 600px\" \/>                            <\/a><br \/>\n                        <\/figure>\n<p>                        <a href=\"https:\/\/keban.bel.tr\/index.php\/category\/haberler\/\" rel=\"category tag\">Haberler<\/a>                            <\/p>\n<h2>\n                                <a href=\"https:\/\/keban.bel.tr\/index.php\/2025\/08\/28\/belediyemize-yeni-traktor\/\" title=\"Belediyemize Yeni Trakt\u00f6r\">Belediyemize Yeni Trakt\u00f6r<\/a><br \/>\n                            <\/h2>\n<p>                            <time datetime=\"28 A\u011fustos 2025\">28 A\u011fustos 2025<\/time>                        <\/p>\n<figure>\n                            <a href=\"https:\/\/keban.bel.tr\/index.php\/2025\/08\/12\/belediyemiz-yeni-ford-transit-arac-aldi\/\" title=\"Belediyemiz Yeni Ford Transit Ara\u00e7 Ald\u0131 \"><br \/>\n                                <img loading=\"lazy\" width=\"300\" height=\"300\" src=\"https:\/\/keban.bel.tr\/wp-content\/uploads\/2026\/01\/transit1-300x300.jpg\" alt=\"\" decoding=\"async\" srcset=\"https:\/\/keban.bel.tr\/wp-content\/uploads\/2026\/01\/transit1-300x300.jpg 300w, https:\/\/keban.bel.tr\/wp-content\/uploads\/2026\/01\/transit1-150x150.jpg 150w, https:\/\/keban.bel.tr\/wp-content\/uploads\/2026\/01\/transit1-355x355.jpg 355w, https:\/\/keban.bel.tr\/wp-content\/uploads\/2026\/01\/transit1-370x370.jpg 370w, https:\/\/keban.bel.tr\/wp-content\/uploads\/2026\/01\/transit1-170x170.jpg 170w\" sizes=\"auto, (max-width: 300px) 100vw, 300px\" \/>                            <\/a><br \/>\n                        <\/figure>\n<p>                        <a href=\"https:\/\/keban.bel.tr\/index.php\/category\/haberler\/\" rel=\"category tag\">Haberler<\/a>                            <\/p>\n<h2>\n                                <a href=\"https:\/\/keban.bel.tr\/index.php\/2025\/08\/12\/belediyemiz-yeni-ford-transit-arac-aldi\/\" title=\"Belediyemiz Yeni Ford Transit Ara\u00e7 Ald\u0131\">Belediyemiz Yeni Ford Transit Ara\u00e7 Ald\u0131<\/a><br \/>\n                            <\/h2>\n<p>                            <time datetime=\"12 A\u011fustos 2025\">12 A\u011fustos 2025<\/time>                        <\/p>\n<figure>\n                            <a href=\"https:\/\/keban.bel.tr\/index.php\/2025\/08\/06\/belediyemiz-2-otobusunu-aldi\/\" title=\"Belediyemiz 2.Otob\u00fcs\u00fcn\u00fc Ald\u0131 \"><br \/>\n                                <img loading=\"lazy\" width=\"300\" height=\"300\" src=\"https:\/\/keban.bel.tr\/wp-content\/uploads\/2026\/01\/otobus22-300x300.jpg\" alt=\"\" decoding=\"async\" srcset=\"https:\/\/keban.bel.tr\/wp-content\/uploads\/2026\/01\/otobus22-300x300.jpg 300w, https:\/\/keban.bel.tr\/wp-content\/uploads\/2026\/01\/otobus22-150x150.jpg 150w, https:\/\/keban.bel.tr\/wp-content\/uploads\/2026\/01\/otobus22-355x355.jpg 355w, https:\/\/keban.bel.tr\/wp-content\/uploads\/2026\/01\/otobus22-370x370.jpg 370w, https:\/\/keban.bel.tr\/wp-content\/uploads\/2026\/01\/otobus22-170x170.jpg 170w\" sizes=\"auto, (max-width: 300px) 100vw, 300px\" \/>                            <\/a><br \/>\n                        <\/figure>\n<p>                        <a href=\"https:\/\/keban.bel.tr\/index.php\/category\/haberler\/\" rel=\"category tag\">Haberler<\/a>                            <\/p>\n<h2>\n                                <a href=\"https:\/\/keban.bel.tr\/index.php\/2025\/08\/06\/belediyemiz-2-otobusunu-aldi\/\" title=\"Belediyemiz 2.Otob\u00fcs\u00fcn\u00fc Ald\u0131\">Belediyemiz 2.Otob\u00fcs\u00fcn\u00fc Ald\u0131<\/a><br \/>\n                            <\/h2>\n<p>                            <time datetime=\"6 A\u011fustos 2025\">6 A\u011fustos 2025<\/time><\/p>\n","protected":false},"excerpt":{"rendered":"<p>Sefer Saatleri Video Galeri Foto Galeri Duyurular Keban Baraj\u0131 E-Belediye Rotalar Vefat ve Defin Tarifeler Muhtarl\u0131klar Haberler Belediyemize Yeni Trakt\u00f6r 28 A\u011fustos 2025 Haberler Belediyemiz Yeni Ford Transit Ara\u00e7 Ald\u0131 12 A\u011fustos 2025 Haberler Belediyemiz 2.Otob\u00fcs\u00fcn\u00fc Ald\u0131 6 A\u011fustos 2025<\/p>\n","protected":false},"author":1,"featured_media":0,"parent":0,"menu_order":0,"comment_status":"closed","ping_status":"closed","template":"anasayfa.php","meta":{"footnotes":""},"class_list":["post-846","page","type-page","status-publish","hentry"],"_links":{"self":[{"href":"https:\/\/keban.bel.tr\/index.php\/wp-json\/wp\/v2\/pages\/846","targetHints":{"allow":["GET"]}}],"collection":[{"href":"https:\/\/keban.bel.tr\/index.php\/wp-json\/wp\/v2\/pages"}],"about":[{"href":"https:\/\/keban.bel.tr\/index.php\/wp-json\/wp\/v2\/types\/page"}],"author":[{"embeddable":true,"href":"https:\/\/keban.bel.tr\/index.php\/wp-json\/wp\/v2\/users\/1"}],"replies":[{"embeddable":true,"href":"https:\/\/keban.bel.tr\/index.php\/wp-json\/wp\/v2\/comments?post=846"}],"version-history":[{"count":80,"href":"https:\/\/keban.bel.tr\/index.php\/wp-json\/wp\/v2\/pages\/846\/revisions"}],"predecessor-version":[{"id":1182,"href":"https:\/\/keban.bel.tr\/index.php\/wp-json\/wp\/v2\/pages\/846\/revisions\/1182"}],"wp:attachment":[{"href":"https:\/\/keban.bel.tr\/index.php\/wp-json\/wp\/v2\/media?parent=846"}],"curies":[{"name":"wp","href":"https:\/\/api.w.org\/{rel}","templated":true}]}}