{"id":1333,"date":"2026-01-20T17:04:59","date_gmt":"2026-01-20T14:04:59","guid":{"rendered":"https:\/\/keban.bel.tr\/?page_id=1333"},"modified":"2026-01-21T00:11:38","modified_gmt":"2026-01-20T21:11:38","slug":"nobetci-eczaneler","status":"publish","type":"page","link":"https:\/\/keban.bel.tr\/index.php\/nobetci-eczaneler\/","title":{"rendered":"N\u00f6bet\u00e7i Eczaneler"},"content":{"rendered":"    <div class=\"bel-pharmacy-container\">\n        <style>\n            .bel-pharmacy-container {\n                font-family: 'Segoe UI', Tahoma, Geneva, Verdana, sans-serif;\n                max-width: 600px;\n                margin: 20px auto;\n            }\n\n            \/* B\u00fcy\u00fck Kart (Bug\u00fcn) *\/\n            .bel-pharmacy-card-big {\n                background: #fff;\n                border-radius: 20px;\n                box-shadow: 0 10px 25px rgba(0, 0, 0, 0.1);\n                padding: 30px;\n                text-align: center;\n                border: 1px solid #eee;\n                position: relative;\n                overflow: hidden;\n            }\n\n            .bel-pharmacy-card-big::before {\n                content: '';\n                position: absolute;\n                top: 0;\n                left: 0;\n                right: 0;\n                height: 6px;\n                background: linear-gradient(90deg, #e74c3c, #c0392b);\n            }\n\n            \/* E Logo Tasar\u0131m\u0131 *\/\n            .bel-pharmacy-e-logo {\n                display: inline-flex;\n                justify-content: center;\n                align-items: center;\n                width: 80px;\n                height: 80px;\n                border: 8px solid #E30613;\n                \/* Eczane K\u0131rm\u0131z\u0131s\u0131 *\/\n                background-color: #fff;\n                color: #E30613;\n                font-size: 55px;\n                font-weight: 900;\n                font-family: 'Arial Black', sans-serif;\n                margin-bottom: 15px;\n                box-shadow: 0 4px 10px rgba(0, 0, 0, 0.1);\n            }\n\n            .bel-pharmacy-e-logo-small {\n                display: inline-flex;\n                justify-content: center;\n                align-items: center;\n                width: 40px;\n                height: 40px;\n                border: 4px solid #E30613;\n                background-color: #fff;\n                color: #E30613;\n                font-size: 24px;\n                font-weight: 900;\n                font-family: 'Arial Black', sans-serif;\n                margin-right: 15px;\n                \/* Spacing for small card *\/\n            }\n\n            .bel-pharmacy-title {\n                font-size: 1.8rem;\n                font-weight: 700;\n                color: #333;\n                margin: 0 0 10px 0;\n            }\n\n            .bel-pharmacy-phone {\n                font-size: 1.4rem;\n                color: #2980b9;\n                font-weight: 600;\n                margin-bottom: 10px;\n                display: block;\n                text-decoration: none;\n            }\n\n            .bel-pharmacy-address {\n                color: #7f8c8d;\n                font-size: 1rem;\n                margin-bottom: 25px;\n                line-height: 1.5;\n            }\n\n            .bel-pharmacy-actions {\n                display: flex;\n                gap: 15px;\n                justify-content: center;\n            }\n\n            .bel-btn {\n                flex: 1;\n                padding: 12px 20px;\n                border-radius: 12px;\n                text-decoration: none;\n                font-weight: 600;\n                display: flex;\n                align-items: center;\n                justify-content: center;\n                gap: 8px;\n                transition: transform 0.2s;\n            }\n\n            .bel-btn:hover {\n                transform: translateY(-2px);\n            }\n\n            .bel-btn-call {\n                background-color: #27ae60;\n                color: #fff !important;\n            }\n\n            .bel-btn-map {\n                background-color: #2980b9;\n                color: #fff !important;\n            }\n\n            .bel-section-title {\n                text-align: center;\n                font-size: 0.9rem;\n                text-transform: uppercase;\n                letter-spacing: 1px;\n                color: #95a5a6;\n                margin-bottom: 15px;\n                font-weight: bold;\n            }\n\n            \/* K\u00fc\u00e7\u00fck Kart (Yar\u0131n) *\/\n            .bel-pharmacy-card-small {\n                background: #fff;\n                border-radius: 12px;\n                padding: 15px 20px;\n                display: flex;\n                align-items: center;\n                \/* gap: 15px; Removed gap for older flexbox support safer manual margin *\/\n                border: 1px solid #eee;\n                box-shadow: 0 2px 5px rgba(0, 0, 0, 0.05);\n            }\n\n            .bel-small-info h4 {\n                margin: 0;\n                font-size: 1.1rem;\n                color: #333;\n            }\n\n            .bel-small-info span {\n                font-size: 0.9rem;\n                color: #777;\n            }\n\n            @media (max-width: 480px) {\n                .bel-pharmacy-actions {\n                    flex-direction: column;\n                }\n            }\n        <\/style>\n\n        <!-- BUG\u00dcN -->\n        <div class=\"bel-section-title\">BUG\u00dcN\u00dcN N\u00d6BET\u00c7\u0130S\u0130<\/div>\n\n                    <div class=\"bel-alert\">Bug\u00fcn i\u00e7in n\u00f6bet\u00e7i eczane bilgisi girilmemi\u015ftir.<\/div>\n        \n        <br><br>\n\n        <!-- YARIN -->\n        \n    <\/div>\n    \n","protected":false},"excerpt":{"rendered":"","protected":false},"author":1,"featured_media":0,"parent":0,"menu_order":0,"comment_status":"closed","ping_status":"closed","template":"","meta":{"footnotes":""},"class_list":["post-1333","page","type-page","status-publish","hentry"],"_links":{"self":[{"href":"https:\/\/keban.bel.tr\/index.php\/wp-json\/wp\/v2\/pages\/1333","targetHints":{"allow":["GET"]}}],"collection":[{"href":"https:\/\/keban.bel.tr\/index.php\/wp-json\/wp\/v2\/pages"}],"about":[{"href":"https:\/\/keban.bel.tr\/index.php\/wp-json\/wp\/v2\/types\/page"}],"author":[{"embeddable":true,"href":"https:\/\/keban.bel.tr\/index.php\/wp-json\/wp\/v2\/users\/1"}],"replies":[{"embeddable":true,"href":"https:\/\/keban.bel.tr\/index.php\/wp-json\/wp\/v2\/comments?post=1333"}],"version-history":[{"count":2,"href":"https:\/\/keban.bel.tr\/index.php\/wp-json\/wp\/v2\/pages\/1333\/revisions"}],"predecessor-version":[{"id":1337,"href":"https:\/\/keban.bel.tr\/index.php\/wp-json\/wp\/v2\/pages\/1333\/revisions\/1337"}],"wp:attachment":[{"href":"https:\/\/keban.bel.tr\/index.php\/wp-json\/wp\/v2\/media?parent=1333"}],"curies":[{"name":"wp","href":"https:\/\/api.w.org\/{rel}","templated":true}]}}