{"id":13,"date":"2026-01-08T13:23:20","date_gmt":"2026-01-08T10:23:20","guid":{"rendered":"http:\/\/keban.bel.tr\/wordpress\/?page_id=13"},"modified":"2026-01-13T14:19:30","modified_gmt":"2026-01-13T11:19:30","slug":"belediye-yonetimi","status":"publish","type":"page","link":"https:\/\/keban.bel.tr\/index.php\/kurumsal\/belediye-yonetimi\/","title":{"rendered":"Belediye Y\u00f6netimi"},"content":{"rendered":"\n<p><strong>KEBAN BELED\u0130YES\u0130 B\u0130R\u0130MLER\u0130<\/strong><\/p>\n\n\n\n<p><strong>Fen \u0130\u015fleri M\u00fcd\u00fcrl\u00fc\u011f\u00fc<\/strong><\/p>\n\n\n\n<p>Belediye taraf\u0131ndan planlanan her t\u00fcrl\u00fc yap\u0131m i\u015flerini, belediyenin g\u00f6rev alan\u0131nda olan yollar\u0131n a\u00e7\u0131lmas\u0131n\u0131, yap\u0131lmas\u0131n\u0131 ve onar\u0131lmas\u0131n\u0131, ihale yolu ile veya kendi olanaklar\u0131 ile ger\u00e7ekle\u015ftirir. Ayr\u0131ca belediye taraf\u0131ndan yap\u0131lan her t\u00fcrl\u00fc y\u0131k\u0131m i\u015fi bu m\u00fcd\u00fcrl\u00fck taraf\u0131ndan yap\u0131l\u0131r veya yapt\u0131r\u0131l\u0131r.<\/p>\n\n\n\n<p>Belde s\u0131n\u0131rlar\u0131 i\u00e7erisindeki yerle\u015fim yerleri ile bu yerlerdeki yap\u0131la\u015fmalar\u0131n; plan, fen, sa\u011fl\u0131k ve \u00e7evre \u015fartlar\u0131na uygun olarak ger\u00e7ekle\u015fmesini sa\u011flar; parklar\u0131n, ye\u015fil alanlar\u0131n ve \u00e7ocuk oyun alanlar\u0131n\u0131n yap\u0131m ve bak\u0131m hizmetlerine yerine getirir. Belediye s\u0131n\u0131rlar\u0131 i\u00e7erisindeki sokak, cadde ve bulvarlar\u0131n temizli\u011fi ve kentliler taraf\u0131ndan \u00fcretilen kat\u0131 at\u0131klar\u0131n toplanarak \u00e7\u00f6p yerlerine ta\u015f\u0131nmas\u0131 i\u015flemini yapar.<\/p>\n\n\n\n<p><strong>Yaz\u0131 \u0130\u015fleri ve Kararlar M\u00fcd\u00fcrl\u00fc\u011f\u00fc<\/strong><\/p>\n\n\n\n<p>Ba\u015fkanl\u0131k, belediye meclisi ve enc\u00fcmen taraf\u0131ndan onaylanarak g\u00f6nderilen evraklar\u0131n i\u015flemlerini y\u00fcr\u00fct\u00fcr, Belediye meclisi ve enc\u00fcmenince karara ba\u011flanan evraklar\u0131n ilgili birimlere ula\u015ft\u0131r\u0131lmas\u0131n\u0131 sa\u011flar ve belediye meclisi komisyonlar\u0131n\u0131n \u00e7al\u0131\u015fmalar\u0131nda raport\u00f6rl\u00fck g\u00f6revini yerine getirir. Belediyemize yap\u0131lan t\u00fcm yaz\u0131l\u0131 ba\u015fvurular, (Vatanda\u015ftan gelen dilek\u00e7e, kurumlardan gelen \u2013 giden resmi evraklar kontroll\u00fc bir \u015fekilde teslim al\u0131n\u0131p, ilgili birimlere sevk edilmesi) Yaz\u0131 i\u015fleri kay\u0131t b\u00f6l\u00fcm\u00fcnde ger\u00e7ekle\u015fmektedir. \u0130\u015f\u00e7i ve memur personelin i\u015fe al\u0131m\u0131ndan emekli oluncaya kadar, \u00f6zl\u00fck haklar\u0131na ili\u015fkin t\u00fcm i\u015flemlerini y\u00fcr\u00fct\u00fcr.<\/p>\n\n\n\n<p><strong>Mali Hizmetler M\u00fcd\u00fcrl\u00fc\u011f\u00fc<\/strong><\/p>\n\n\n\n<p>Belediye ile ilgili t\u00fcm \u00f6demeleri ve muhasebe kay\u0131tlar\u0131n\u0131n d\u00fczenlemesini yapar.<\/p>\n\n\n\n<p>Belediyeye ait vergi, resim, har\u00e7 ve muhtelif para cezalar\u0131, harcamalara kat\u0131lma pay\u0131 ve i\u015fgal niteli\u011findeki her t\u00fcrl\u00fc alacaklar\u0131n\u0131 kapsayan i\u015flemlerin takip ve tahsili i\u015flerini y\u00fcr\u00fct\u00fcr.<\/p>\n\n\n\n<p>Belediyenin sat\u0131n alma i\u015flerine y\u00f6nelik piyasa ara\u015ft\u0131rmas\u0131 yapar ve belediyenin birimlerinden gelen sat\u0131n alma taleplerine piyasadan teklif alarak enc\u00fcmene sunar.<\/p>\n\n\n\n<p><strong>Zab\u0131ta Amirli\u011fi<\/strong><\/p>\n\n\n\n<p>Belde ve belde halk\u0131n\u0131n d\u00fczen, sa\u011fl\u0131k ve huzurunu, yetkili organlar\u0131n bu ama\u00e7la alacaklar\u0131 kararlar\u0131n y\u00fcr\u00fct\u00fclmesini sa\u011flamak ve korumakla, belediye su\u00e7lar\u0131n\u0131n i\u015flenmesini \u00f6nleyici tedbirler almakla ve i\u015flenen belediye su\u00e7lar\u0131n\u0131 takiple y\u00fck\u00fcml\u00fcd\u00fcr.<\/p>\n\n\n\n<p>Belediye s\u0131n\u0131rlar\u0131 i\u00e7erisindeki yeni a\u00e7\u0131lan i\u015fyerlerine ili\u015fkin s\u0131n\u0131f tespitinin yap\u0131larak, i\u015fyeri a\u00e7ma, \u00e7al\u0131\u015fma ruhsat\u0131n\u0131 ve faaliyet konular\u0131 uygun olan i\u015fyerlerine tatil g\u00fcnleri \u00e7al\u0131\u015fma ruhsat\u0131 verilir. Belediyenin yetki alan\u0131ndaki i\u015fyerlerinde T\u00fcketiciyi Koruma Yasas\u0131&#8217;na g\u00f6re etiket ve fiyat denetimleri yapar.<strong>\u0130tfaiye Amirli\u011fi<\/strong><\/p>\n\n\n\n<p>Belediye itfaiye ekibi her t\u00fcrl\u00fc yang\u0131n, dogal afet, sel gibi durumlarda vatanda\u015fa yard\u0131mc\u0131 ve kontrol d\u00fczenlemesini yapar.<\/p>\n\n\n\n<p><strong>Etik Komisyonu<\/strong><\/p>\n\n\n\n<p>5176 say\u0131l\u0131 Kanuna dayan\u0131larak \u00e7\u0131kar\u0131lan 13.04.2005 tarihli ve 25785 say\u0131l\u0131 Resmi Gazete\u2019de yay\u0131mlanarak y\u00fcr\u00fcrl\u00fc\u011fe giren Kamu G\u00f6revlileri Etik Davran\u0131\u015f \u0130lkeleri ile Ba\u015fvuru Usul ve Esaslar\u0131 Hakk\u0131nda Y\u00f6netmeli\u011fin 29. maddesi gere\u011fince kurum ve kurulu\u015flarda etik k\u00fclt\u00fcr\u00fcn\u00fc yerle\u015ftirmek ve geli\u015ftirmek, etik uygulamalar\u0131 de\u011ferlendirmek ve kar\u015f\u0131la\u015f\u0131lan etik sorunlarla ilgili olarak tavsiyelerde bulunmak \u00fczere kamu kurum ve kurulu\u015flar\u0131 ile kamu kurumu niteli\u011findeki meslek kurulu\u015flar\u0131nda Etik Komisyonlar\u0131 olu\u015fturulmu\u015ftur. Belediyemiz etik komisyonu \u00fcyeleri a\u015fa\u011f\u0131daki tabloda belirtilmi\u015ftir.<\/p>\n\n\n\n<figure class=\"wp-block-table\"><table class=\"has-fixed-layout\"><tbody><tr><td colspan=\"4\">ET\u0130K KOM\u0130SYON \u00dcYLELER\u0130<\/td><\/tr><tr><td>1<\/td><td>Y\u00fccel DO\u011eAN<\/td><td>BELED\u0130YE BA\u015eKANI<\/td><td>BA\u015eKAN<\/td><\/tr><tr><td>2<\/td><td>\u00dcmit GED\u0130K<\/td><td>YAZI \u0130\u015eLER\u0130 M\u00dcD. V.<\/td><td>\u00dcYE<\/td><\/tr><tr><td>3<\/td><td>MUSTAFA TURAN<\/td><td>MAL\u0130 H\u0130Z. M\u00dcD\u00dcR\u00dc<\/td><td>\u00dcYE<\/td><\/tr><tr><td>4<\/td><td>NUR\u0130 ERDO\u011eAN<\/td><td>ZABITA KOM\u0130SER\u0130<\/td><td>\u00dcYE<\/td><\/tr><\/tbody><\/table><\/figure>\n","protected":false},"excerpt":{"rendered":"<p>KEBAN BELED\u0130YES\u0130 B\u0130R\u0130MLER\u0130 Fen \u0130\u015fleri M\u00fcd\u00fcrl\u00fc\u011f\u00fc Belediye taraf\u0131ndan planlanan her t\u00fcrl\u00fc yap\u0131m i\u015flerini, belediyenin g\u00f6rev alan\u0131nda olan yollar\u0131n a\u00e7\u0131lmas\u0131n\u0131, yap\u0131lmas\u0131n\u0131 ve onar\u0131lmas\u0131n\u0131, ihale yolu ile veya kendi olanaklar\u0131 ile ger\u00e7ekle\u015ftirir. Ayr\u0131ca belediye taraf\u0131ndan yap\u0131lan her t\u00fcrl\u00fc y\u0131k\u0131m i\u015fi bu m\u00fcd\u00fcrl\u00fck taraf\u0131ndan yap\u0131l\u0131r veya yapt\u0131r\u0131l\u0131r. Belde s\u0131n\u0131rlar\u0131 i\u00e7erisindeki yerle\u015fim yerleri ile bu yerlerdeki yap\u0131la\u015fmalar\u0131n; plan, fen, [&hellip;]<\/p>\n","protected":false},"author":1,"featured_media":0,"parent":11,"menu_order":0,"comment_status":"closed","ping_status":"closed","template":"","meta":{"footnotes":""},"class_list":["post-13","page","type-page","status-publish","hentry"],"_links":{"self":[{"href":"https:\/\/keban.bel.tr\/index.php\/wp-json\/wp\/v2\/pages\/13","targetHints":{"allow":["GET"]}}],"collection":[{"href":"https:\/\/keban.bel.tr\/index.php\/wp-json\/wp\/v2\/pages"}],"about":[{"href":"https:\/\/keban.bel.tr\/index.php\/wp-json\/wp\/v2\/types\/page"}],"author":[{"embeddable":true,"href":"https:\/\/keban.bel.tr\/index.php\/wp-json\/wp\/v2\/users\/1"}],"replies":[{"embeddable":true,"href":"https:\/\/keban.bel.tr\/index.php\/wp-json\/wp\/v2\/comments?post=13"}],"version-history":[{"count":3,"href":"https:\/\/keban.bel.tr\/index.php\/wp-json\/wp\/v2\/pages\/13\/revisions"}],"predecessor-version":[{"id":1151,"href":"https:\/\/keban.bel.tr\/index.php\/wp-json\/wp\/v2\/pages\/13\/revisions\/1151"}],"up":[{"embeddable":true,"href":"https:\/\/keban.bel.tr\/index.php\/wp-json\/wp\/v2\/pages\/11"}],"wp:attachment":[{"href":"https:\/\/keban.bel.tr\/index.php\/wp-json\/wp\/v2\/media?parent=13"}],"curies":[{"name":"wp","href":"https:\/\/api.w.org\/{rel}","templated":true}]}}